{"id":40689,"date":"2025-07-04T19:14:04","date_gmt":"2025-07-04T23:14:04","guid":{"rendered":"https:\/\/itservisglobal.com\/sitio\/?page_id=40689"},"modified":"2025-12-29T17:10:16","modified_gmt":"2025-12-29T21:10:16","slug":"nosotros","status":"publish","type":"page","link":"https:\/\/itservisglobal.com\/sitio\/nosotros\/","title":{"rendered":"Nosotros"},"content":{"rendered":"\r\n<h2 class=\"wp-block-heading\">\ud83d\udca1 Misi\u00f3n<\/h2>\r\n\r\n\r\n\r\n<p>En <strong>IT Servicios y Suministros<\/strong> <strong>(ITSERVIS)<\/strong>, brindamos productos y servicios especializados en computaci\u00f3n y tecnolog\u00eda, con soluciones t\u00e9cnica y econ\u00f3micamente viables para el hogar, la oficina y la industria. Asimismo, aprovechamos el creciente auge del comercio electr\u00f3nico, facilitando a personas y empresas herramientas confiables para posicionar sus productos o servicios, siempre con altos est\u00e1ndares de seguridad y un soporte excepcional.<\/p>\r\n\r\n\r\n\r\n<h2 class=\"wp-block-heading\">\ud83c\udf1f Visi\u00f3n<\/h2>\r\n\r\n\r\n\r\n<p>Aspiramos a consolidarnos como una empresa de reconocimiento internacional, respaldada por nuestro \u00e9xito sostenido en el desarrollo e integraci\u00f3n de soluciones tecnol\u00f3gicas para organizaciones en diversas regiones del pa\u00eds. Nuestro equipo humano, altamente calificado y en constante evoluci\u00f3n, es el motor que impulsa nuestro compromiso con la excelencia, la innovaci\u00f3n y el crecimiento.<\/p>\r\n\r\n\r\n\r\n<p><\/p>\r\n\r\n\r\n\r\n<p><\/p>\r\n\r\n\r\n\r\n<p>La empresa matriz, fue constituida en Venezuela, en el a\u00f1o 2006.<\/p>\r\n\r\n\r\n\r\n<p class=\"has-text-align-right\"><em><strong>&#8230;Un Mundo de Soluciones Tecnol\u00f3gicas<\/strong><\/em><\/p>\r\n\r\n\r\n\r\n<p><\/p>\r\n","protected":false},"excerpt":{"rendered":"<p>\ud83d\udca1 Misi\u00f3n En IT Servicios y Suministros (ITSERVIS), brindamos productos y servicios especializados en computaci\u00f3n y tecnolog\u00eda, con soluciones t\u00e9cnica y econ\u00f3micamente viables para el hogar, la oficina y la industria. Asimismo, aprovechamos el creciente auge del comercio electr\u00f3nico, facilitando a personas y empresas herramientas confiables para posicionar sus productos o servicios, siempre con altos [&hellip;]<\/p>\n","protected":false},"author":1,"featured_media":0,"parent":0,"menu_order":0,"comment_status":"closed","ping_status":"closed","template":"","meta":{"footnotes":""},"class_list":["post-40689","page","type-page","status-publish","hentry"],"yoast_head":"<!-- This site is optimized with the Yoast SEO plugin v27.4 - https:\/\/yoast.com\/product\/yoast-seo-wordpress\/ -->\n<title>Nosotros - ITSERVIS<\/title>\n<meta name=\"robots\" content=\"index, follow, max-snippet:-1, max-image-preview:large, max-video-preview:-1\" \/>\n<link rel=\"canonical\" href=\"https:\/\/itservisglobal.com\/sitio\/nosotros\/\" \/>\n<meta property=\"og:locale\" content=\"es_ES\" \/>\n<meta property=\"og:type\" content=\"article\" \/>\n<meta property=\"og:title\" content=\"Nosotros - ITSERVIS\" \/>\n<meta property=\"og:description\" content=\"\ud83d\udca1 Misi\u00f3n En IT Servicios y Suministros (ITSERVIS), brindamos productos y servicios especializados en computaci\u00f3n y tecnolog\u00eda, con soluciones t\u00e9cnica y econ\u00f3micamente viables para el hogar, la oficina y la industria. Asimismo, aprovechamos el creciente auge del comercio electr\u00f3nico, facilitando a personas y empresas herramientas confiables para posicionar sus productos o servicios, siempre con altos [&hellip;]\" \/>\n<meta property=\"og:url\" content=\"https:\/\/itservisglobal.com\/sitio\/nosotros\/\" \/>\n<meta property=\"og:site_name\" content=\"ITSERVIS\" \/>\n<meta property=\"article:modified_time\" content=\"2025-12-29T21:10:16+00:00\" \/>\n<meta name=\"twitter:card\" content=\"summary_large_image\" \/>\n<meta name=\"twitter:label1\" content=\"Tiempo estimado de lectura\" \/>\n\t<meta name=\"twitter:data1\" content=\"1 minuto\" \/>\n<script type=\"application\/ld+json\" class=\"yoast-schema-graph\">{\"@context\":\"https:\\\/\\\/schema.org\",\"@graph\":[{\"@type\":\"WebPage\",\"@id\":\"https:\\\/\\\/itservisglobal.com\\\/sitio\\\/nosotros\\\/\",\"url\":\"https:\\\/\\\/itservisglobal.com\\\/sitio\\\/nosotros\\\/\",\"name\":\"Nosotros - ITSERVIS\",\"isPartOf\":{\"@id\":\"https:\\\/\\\/itservisglobal.com\\\/sitio\\\/#website\"},\"datePublished\":\"2025-07-04T23:14:04+00:00\",\"dateModified\":\"2025-12-29T21:10:16+00:00\",\"breadcrumb\":{\"@id\":\"https:\\\/\\\/itservisglobal.com\\\/sitio\\\/nosotros\\\/#breadcrumb\"},\"inLanguage\":\"es\",\"potentialAction\":[{\"@type\":\"ReadAction\",\"target\":[\"https:\\\/\\\/itservisglobal.com\\\/sitio\\\/nosotros\\\/\"]}]},{\"@type\":\"BreadcrumbList\",\"@id\":\"https:\\\/\\\/itservisglobal.com\\\/sitio\\\/nosotros\\\/#breadcrumb\",\"itemListElement\":[{\"@type\":\"ListItem\",\"position\":1,\"name\":\"Portada\",\"item\":\"https:\\\/\\\/itservisglobal.com\\\/sitio\\\/\"},{\"@type\":\"ListItem\",\"position\":2,\"name\":\"Nosotros\"}]},{\"@type\":\"WebSite\",\"@id\":\"https:\\\/\\\/itservisglobal.com\\\/sitio\\\/#website\",\"url\":\"https:\\\/\\\/itservisglobal.com\\\/sitio\\\/\",\"name\":\"ITSERVIS\",\"description\":\"ITSERVIS GLOBAL\",\"potentialAction\":[{\"@type\":\"SearchAction\",\"target\":{\"@type\":\"EntryPoint\",\"urlTemplate\":\"https:\\\/\\\/itservisglobal.com\\\/sitio\\\/?s={search_term_string}\"},\"query-input\":{\"@type\":\"PropertyValueSpecification\",\"valueRequired\":true,\"valueName\":\"search_term_string\"}}],\"inLanguage\":\"es\"}]}<\/script>\n<!-- \/ Yoast SEO plugin. -->","yoast_head_json":{"title":"Nosotros - ITSERVIS","robots":{"index":"index","follow":"follow","max-snippet":"max-snippet:-1","max-image-preview":"max-image-preview:large","max-video-preview":"max-video-preview:-1"},"canonical":"https:\/\/itservisglobal.com\/sitio\/nosotros\/","og_locale":"es_ES","og_type":"article","og_title":"Nosotros - ITSERVIS","og_description":"\ud83d\udca1 Misi\u00f3n En IT Servicios y Suministros (ITSERVIS), brindamos productos y servicios especializados en computaci\u00f3n y tecnolog\u00eda, con soluciones t\u00e9cnica y econ\u00f3micamente viables para el hogar, la oficina y la industria. Asimismo, aprovechamos el creciente auge del comercio electr\u00f3nico, facilitando a personas y empresas herramientas confiables para posicionar sus productos o servicios, siempre con altos [&hellip;]","og_url":"https:\/\/itservisglobal.com\/sitio\/nosotros\/","og_site_name":"ITSERVIS","article_modified_time":"2025-12-29T21:10:16+00:00","twitter_card":"summary_large_image","twitter_misc":{"Tiempo estimado de lectura":"1 minuto"},"schema":{"@context":"https:\/\/schema.org","@graph":[{"@type":"WebPage","@id":"https:\/\/itservisglobal.com\/sitio\/nosotros\/","url":"https:\/\/itservisglobal.com\/sitio\/nosotros\/","name":"Nosotros - ITSERVIS","isPartOf":{"@id":"https:\/\/itservisglobal.com\/sitio\/#website"},"datePublished":"2025-07-04T23:14:04+00:00","dateModified":"2025-12-29T21:10:16+00:00","breadcrumb":{"@id":"https:\/\/itservisglobal.com\/sitio\/nosotros\/#breadcrumb"},"inLanguage":"es","potentialAction":[{"@type":"ReadAction","target":["https:\/\/itservisglobal.com\/sitio\/nosotros\/"]}]},{"@type":"BreadcrumbList","@id":"https:\/\/itservisglobal.com\/sitio\/nosotros\/#breadcrumb","itemListElement":[{"@type":"ListItem","position":1,"name":"Portada","item":"https:\/\/itservisglobal.com\/sitio\/"},{"@type":"ListItem","position":2,"name":"Nosotros"}]},{"@type":"WebSite","@id":"https:\/\/itservisglobal.com\/sitio\/#website","url":"https:\/\/itservisglobal.com\/sitio\/","name":"ITSERVIS","description":"ITSERVIS GLOBAL","potentialAction":[{"@type":"SearchAction","target":{"@type":"EntryPoint","urlTemplate":"https:\/\/itservisglobal.com\/sitio\/?s={search_term_string}"},"query-input":{"@type":"PropertyValueSpecification","valueRequired":true,"valueName":"search_term_string"}}],"inLanguage":"es"}]}},"_links":{"self":[{"href":"https:\/\/itservisglobal.com\/sitio\/wp-json\/wp\/v2\/pages\/40689","targetHints":{"allow":["GET"]}}],"collection":[{"href":"https:\/\/itservisglobal.com\/sitio\/wp-json\/wp\/v2\/pages"}],"about":[{"href":"https:\/\/itservisglobal.com\/sitio\/wp-json\/wp\/v2\/types\/page"}],"author":[{"embeddable":true,"href":"https:\/\/itservisglobal.com\/sitio\/wp-json\/wp\/v2\/users\/1"}],"replies":[{"embeddable":true,"href":"https:\/\/itservisglobal.com\/sitio\/wp-json\/wp\/v2\/comments?post=40689"}],"version-history":[{"count":5,"href":"https:\/\/itservisglobal.com\/sitio\/wp-json\/wp\/v2\/pages\/40689\/revisions"}],"predecessor-version":[{"id":53562,"href":"https:\/\/itservisglobal.com\/sitio\/wp-json\/wp\/v2\/pages\/40689\/revisions\/53562"}],"wp:attachment":[{"href":"https:\/\/itservisglobal.com\/sitio\/wp-json\/wp\/v2\/media?parent=40689"}],"curies":[{"name":"wp","href":"https:\/\/api.w.org\/{rel}","templated":true}]}}